{"id":16,"date":"2023-09-25T11:29:57","date_gmt":"2023-09-25T11:29:57","guid":{"rendered":"https:\/\/bankagundem.com\/?page_id=16"},"modified":"2023-09-25T11:29:57","modified_gmt":"2023-09-25T11:29:57","slug":"hakkimizda","status":"publish","type":"page","link":"https:\/\/bankagundem.com\/?page_id=16","title":{"rendered":"Hakk\u0131m\u0131zda"},"content":{"rendered":"<p><strong>Bankagundem.com<\/strong>:\u00a0<strong>20 Eyl\u00fcl 2023<\/strong>\u00a0tarihinde kurulmu\u015f, herhangi bir kurum ile ba\u011flant\u0131s\u0131 bulunmayan ba\u011f\u0131ms\u0131z bir blog sitesidir.<\/p>\n<p>Temel vizyonumuz;\u00a0<strong>bankalar, krediler ve finansal konular<\/strong>\u00a0hakk\u0131nda en do\u011fru haber ve bilgileri en g\u00fcncel \u015fekilde sunabilmektir. Rehber sitemizde yer alan bilgiler g\u00fcncel olarak d\u00fczenlenmekte olup gerekli de\u011fi\u015fiklikler meydana geldi\u011finde sitemizdeki i\u00e7eriklerde g\u00fcncellenmektedir.<\/p>\n<p><strong>Bankagundem.com<\/strong>\u00a0sitesi ba\u011f\u0131ms\u0131z yazar kadrosu taraf\u0131ndan kaleme al\u0131nan \u00f6zg\u00fcn i\u00e7erikleri yay\u0131nlamaktad\u0131r. Sitemizde yay\u0131mlanan bilgiler resmi kurum ve kurulu\u015flardan al\u0131nan bilgilerdir.<\/p>\n<p><strong>Dilek, \u00f6neri, \u015fikayet ve sponsorluk<\/strong>\u00a0gibi konular hakk\u0131nda\u00a0ileti\u015fim sayfas\u0131n\u0131 kullanarak bize ula\u015fabilirsiniz. G\u00f6ndermi\u015f oldu\u011funuz iletiler en ge\u00e7 72 saat i\u00e7erisinde yan\u0131tlanacakt\u0131r.<\/p>\n","protected":false},"excerpt":{"rendered":"<p>Bankagundem.com:\u00a020 Eyl\u00fcl 2023\u00a0tarihinde kurulmu\u015f, herhangi bir kurum ile ba\u011flant\u0131s\u0131 bulunmayan ba\u011f\u0131ms\u0131z bir blog sitesidir. Temel vizyonumuz;\u00a0bankalar, krediler ve finansal konular\u00a0hakk\u0131nda en do\u011fru haber ve bilgileri en g\u00fcncel \u015fekilde sunabilmektir. Rehber sitemizde yer alan bilgiler g\u00fcncel olarak d\u00fczenlenmekte olup gerekli de\u011fi\u015fiklikler meydana geldi\u011finde sitemizdeki i\u00e7eriklerde g\u00fcncellenmektedir. Bankagundem.com\u00a0sitesi ba\u011f\u0131ms\u0131z yazar kadrosu taraf\u0131ndan kaleme al\u0131nan \u00f6zg\u00fcn i\u00e7erikleri yay\u0131nlamaktad\u0131r. &hellip;<\/p>\n","protected":false},"author":2,"featured_media":0,"parent":0,"menu_order":0,"comment_status":"closed","ping_status":"closed","template":"","meta":{"footnotes":""},"class_list":["post-16","page","type-page","status-publish","hentry"],"aioseo_notices":[],"_links":{"self":[{"href":"https:\/\/bankagundem.com\/index.php?rest_route=\/wp\/v2\/pages\/16","targetHints":{"allow":["GET"]}}],"collection":[{"href":"https:\/\/bankagundem.com\/index.php?rest_route=\/wp\/v2\/pages"}],"about":[{"href":"https:\/\/bankagundem.com\/index.php?rest_route=\/wp\/v2\/types\/page"}],"author":[{"embeddable":true,"href":"https:\/\/bankagundem.com\/index.php?rest_route=\/wp\/v2\/users\/2"}],"replies":[{"embeddable":true,"href":"https:\/\/bankagundem.com\/index.php?rest_route=%2Fwp%2Fv2%2Fcomments&post=16"}],"version-history":[{"count":0,"href":"https:\/\/bankagundem.com\/index.php?rest_route=\/wp\/v2\/pages\/16\/revisions"}],"wp:attachment":[{"href":"https:\/\/bankagundem.com\/index.php?rest_route=%2Fwp%2Fv2%2Fmedia&parent=16"}],"curies":[{"name":"wp","href":"https:\/\/api.w.org\/{rel}","templated":true}]}}