{"id":14,"date":"2023-09-25T11:27:23","date_gmt":"2023-09-25T11:27:23","guid":{"rendered":"https:\/\/bankagundem.com\/?page_id=14"},"modified":"2024-05-31T18:02:28","modified_gmt":"2024-05-31T18:02:28","slug":"iletisim","status":"publish","type":"page","link":"https:\/\/bankagundem.com\/?page_id=14","title":{"rendered":"\u0130leti\u015fim"},"content":{"rendered":"\n<div class=\"wpcf7 no-js\" id=\"wpcf7-f161-o1\" lang=\"tr-TR\" dir=\"ltr\" data-wpcf7-id=\"161\">\n<div class=\"screen-reader-response\"><p role=\"status\" aria-live=\"polite\" aria-atomic=\"true\"><\/p> <ul><\/ul><\/div>\n<form action=\"\/index.php?rest_route=%2Fwp%2Fv2%2Fpages%2F14#wpcf7-f161-o1\" method=\"post\" class=\"wpcf7-form init\" aria-label=\"\u0130leti\u015fim Formu\" novalidate=\"novalidate\" data-status=\"init\">\n<fieldset class=\"hidden-fields-container\"><input type=\"hidden\" name=\"_wpcf7\" value=\"161\" \/><input type=\"hidden\" name=\"_wpcf7_version\" value=\"6.1.5\" \/><input type=\"hidden\" name=\"_wpcf7_locale\" value=\"tr_TR\" \/><input type=\"hidden\" name=\"_wpcf7_unit_tag\" value=\"wpcf7-f161-o1\" \/><input type=\"hidden\" name=\"_wpcf7_container_post\" value=\"0\" \/><input type=\"hidden\" name=\"_wpcf7_posted_data_hash\" value=\"\" \/>\n<\/fieldset>\n<p><label> Your name<br \/>\n<span class=\"wpcf7-form-control-wrap\" data-name=\"your-name\"><input size=\"40\" maxlength=\"400\" class=\"wpcf7-form-control wpcf7-text wpcf7-validates-as-required\" autocomplete=\"name\" aria-required=\"true\" aria-invalid=\"false\" value=\"\" type=\"text\" name=\"your-name\" \/><\/span> <\/label>\n<\/p>\n<p><label> Your email<br \/>\n<span class=\"wpcf7-form-control-wrap\" data-name=\"your-email\"><input size=\"40\" maxlength=\"400\" class=\"wpcf7-form-control wpcf7-email wpcf7-validates-as-required wpcf7-text wpcf7-validates-as-email\" autocomplete=\"email\" aria-required=\"true\" aria-invalid=\"false\" value=\"\" type=\"email\" name=\"your-email\" \/><\/span> <\/label>\n<\/p>\n<p><label> Subject<br \/>\n<span class=\"wpcf7-form-control-wrap\" data-name=\"your-subject\"><input size=\"40\" maxlength=\"400\" class=\"wpcf7-form-control wpcf7-text wpcf7-validates-as-required\" aria-required=\"true\" aria-invalid=\"false\" value=\"\" type=\"text\" name=\"your-subject\" \/><\/span> <\/label>\n<\/p>\n<p><label> Your message (optional)<br \/>\n<span class=\"wpcf7-form-control-wrap\" data-name=\"your-message\"><textarea cols=\"40\" rows=\"10\" maxlength=\"2000\" class=\"wpcf7-form-control wpcf7-textarea\" aria-invalid=\"false\" name=\"your-message\"><\/textarea><\/span> <\/label>\n<\/p>\n<p><input class=\"wpcf7-form-control wpcf7-submit has-spinner\" type=\"submit\" value=\"Submit\" \/>\n<\/p><div class=\"wpcf7-response-output\" aria-hidden=\"true\"><\/div>\n<\/form>\n<\/div>\n\n\n\n<p>Soru, \u00f6neri, \u015fikayet,\u00a0<strong>reklam\u00a0<\/strong>ve<strong>\u00a0i\u015f birli\u011fi<\/strong>\u00a0anla\u015fmalar\u0131 i\u00e7in a\u015fa\u011f\u0131da yer alan e-posta \u00fczerinden bizlere ula\u015fabilirsiniz. G\u00f6nderilen e-postalara en ge\u00e7 48 saat i\u00e7erisinde geri d\u00f6n\u00fc\u015f sa\u011flanmaktad\u0131r.<\/p>\n<p><em><strong>recepclk941(@)gmail.com<\/strong><\/em><\/p>\n<p><strong>Bankagundem.com T\u00fcm Haklar\u0131 Sakl\u0131d\u0131r \u00a9 2023<\/strong><\/p>","protected":false},"excerpt":{"rendered":"<p>Soru, \u00f6neri, \u015fikayet,\u00a0reklam\u00a0ve\u00a0i\u015f birli\u011fi\u00a0anla\u015fmalar\u0131 i\u00e7in a\u015fa\u011f\u0131da yer alan e-posta \u00fczerinden bizlere ula\u015fabilirsiniz. G\u00f6nderilen e-postalara en ge\u00e7 48 saat i\u00e7erisinde geri d\u00f6n\u00fc\u015f sa\u011flanmaktad\u0131r. recepclk941(@)gmail.com Bankagundem.com T\u00fcm Haklar\u0131 Sakl\u0131d\u0131r \u00a9 2023<\/p>\n","protected":false},"author":2,"featured_media":0,"parent":0,"menu_order":0,"comment_status":"closed","ping_status":"closed","template":"","meta":{"footnotes":""},"class_list":["post-14","page","type-page","status-publish","hentry"],"aioseo_notices":[],"_links":{"self":[{"href":"https:\/\/bankagundem.com\/index.php?rest_route=\/wp\/v2\/pages\/14","targetHints":{"allow":["GET"]}}],"collection":[{"href":"https:\/\/bankagundem.com\/index.php?rest_route=\/wp\/v2\/pages"}],"about":[{"href":"https:\/\/bankagundem.com\/index.php?rest_route=\/wp\/v2\/types\/page"}],"author":[{"embeddable":true,"href":"https:\/\/bankagundem.com\/index.php?rest_route=\/wp\/v2\/users\/2"}],"replies":[{"embeddable":true,"href":"https:\/\/bankagundem.com\/index.php?rest_route=%2Fwp%2Fv2%2Fcomments&post=14"}],"version-history":[{"count":1,"href":"https:\/\/bankagundem.com\/index.php?rest_route=\/wp\/v2\/pages\/14\/revisions"}],"predecessor-version":[{"id":1635,"href":"https:\/\/bankagundem.com\/index.php?rest_route=\/wp\/v2\/pages\/14\/revisions\/1635"}],"wp:attachment":[{"href":"https:\/\/bankagundem.com\/index.php?rest_route=%2Fwp%2Fv2%2Fmedia&parent=14"}],"curies":[{"name":"wp","href":"https:\/\/api.w.org\/{rel}","templated":true}]}}